{"id":674,"date":"2014-07-06T06:08:43","date_gmt":"2014-07-06T06:08:43","guid":{"rendered":"https:\/\/micatalogodejoyeria.com\/cart\/"},"modified":"2014-07-24T22:04:54","modified_gmt":"2014-07-24T22:04:54","slug":"cart","status":"publish","type":"page","link":"https:\/\/micatalogodejoyeria.com\/?page_id=674","title":{"rendered":"Carrito"},"content":{"rendered":"<div class=\"woocommerce\">\r\n\r\n<div class=\"woocommerce-notices-wrapper\"><\/div><p class=\"cart-empty woocommerce-info\">Tu carrito est\u00e1 vac\u00edo.<\/p>\r\n<div class=\"cart-empty empty-cart-block\">\r\n\t\t\t<h1 style=\"text-align: center;\">TU CARRITO EST\u00c1 VAC\u00cdO<\/h1>\r\n<p style=\"text-align: center;\">Sabemos que no ser\u00e1 por mucho tiempo.<\/p>\r\n<p style=\"text-align: center;\">Si tienes alguna duda cont\u00e1ctanos.<\/p>\t\t\t\t<p><a class=\"btn black\" href=\"https:\/\/micatalogodejoyeria.com\/?page_id=673\"><span>Regresar a la tienda<\/span><\/a><\/p>\r\n\t<\/div><\/div>\n","protected":false},"excerpt":{"rendered":"Tu carrito est\u00e1 vac\u00edo. TU CARRITO EST\u00c1 VAC\u00cdO Sabemos que no ser\u00e1 por mucho tiempo. Si tienes alguna duda cont\u00e1ctanos. Regresar a la tienda","protected":false},"author":1,"featured_media":0,"parent":0,"menu_order":0,"comment_status":"closed","ping_status":"open","template":"","meta":[],"yoast_head":"<!-- This site is optimized with the Yoast SEO plugin v19.11 - https:\/\/yoast.com\/wordpress\/plugins\/seo\/ -->\n<title>Carrito - Mi Cat\u00e1logo de Joyer\u00eda<\/title>\n<meta name=\"robots\" content=\"index, follow, max-snippet:-1, max-image-preview:large, max-video-preview:-1\" \/>\n<link rel=\"canonical\" href=\"https:\/\/micatalogodejoyeria.com\/?page_id=674\" \/>\n<meta property=\"og:locale\" content=\"es_ES\" \/>\n<meta property=\"og:type\" content=\"article\" \/>\n<meta property=\"og:title\" content=\"Carrito - Mi Cat\u00e1logo de Joyer\u00eda\" \/>\n<meta property=\"og:url\" content=\"https:\/\/micatalogodejoyeria.com\/?page_id=674\" \/>\n<meta property=\"og:site_name\" content=\"Mi Cat\u00e1logo de Joyer\u00eda\" \/>\n<meta property=\"article:modified_time\" content=\"2014-07-24T22:04:54+00:00\" \/>\n<meta name=\"twitter:card\" content=\"summary_large_image\" \/>\n<script type=\"application\/ld+json\" class=\"yoast-schema-graph\">{\"@context\":\"https:\/\/schema.org\",\"@graph\":[{\"@type\":\"WebPage\",\"@id\":\"https:\/\/micatalogodejoyeria.com\/?page_id=674\",\"url\":\"https:\/\/micatalogodejoyeria.com\/?page_id=674\",\"name\":\"Carrito - Mi Cat\u00e1logo de Joyer\u00eda\",\"isPartOf\":{\"@id\":\"https:\/\/micatalogodejoyeria.com\/#website\"},\"datePublished\":\"2014-07-06T06:08:43+00:00\",\"dateModified\":\"2014-07-24T22:04:54+00:00\",\"breadcrumb\":{\"@id\":\"https:\/\/micatalogodejoyeria.com\/?page_id=674#breadcrumb\"},\"inLanguage\":\"es\",\"potentialAction\":[{\"@type\":\"ReadAction\",\"target\":[\"https:\/\/micatalogodejoyeria.com\/?page_id=674\"]}]},{\"@type\":\"BreadcrumbList\",\"@id\":\"https:\/\/micatalogodejoyeria.com\/?page_id=674#breadcrumb\",\"itemListElement\":[{\"@type\":\"ListItem\",\"position\":1,\"name\":\"Portada\",\"item\":\"https:\/\/micatalogodejoyeria.com\/\"},{\"@type\":\"ListItem\",\"position\":2,\"name\":\"Carrito\"}]},{\"@type\":\"WebSite\",\"@id\":\"https:\/\/micatalogodejoyeria.com\/#website\",\"url\":\"https:\/\/micatalogodejoyeria.com\/\",\"name\":\"Mi Cat\u00e1logo de Joyer\u00eda\",\"description\":\"Joyas Veos\",\"potentialAction\":[{\"@type\":\"SearchAction\",\"target\":{\"@type\":\"EntryPoint\",\"urlTemplate\":\"https:\/\/micatalogodejoyeria.com\/?s={search_term_string}\"},\"query-input\":\"required name=search_term_string\"}],\"inLanguage\":\"es\"}]}<\/script>\n<!-- \/ Yoast SEO plugin. -->","yoast_head_json":{"title":"Carrito - Mi Cat\u00e1logo de Joyer\u00eda","robots":{"index":"index","follow":"follow","max-snippet":"max-snippet:-1","max-image-preview":"max-image-preview:large","max-video-preview":"max-video-preview:-1"},"canonical":"https:\/\/micatalogodejoyeria.com\/?page_id=674","og_locale":"es_ES","og_type":"article","og_title":"Carrito - Mi Cat\u00e1logo de Joyer\u00eda","og_url":"https:\/\/micatalogodejoyeria.com\/?page_id=674","og_site_name":"Mi Cat\u00e1logo de Joyer\u00eda","article_modified_time":"2014-07-24T22:04:54+00:00","twitter_card":"summary_large_image","schema":{"@context":"https:\/\/schema.org","@graph":[{"@type":"WebPage","@id":"https:\/\/micatalogodejoyeria.com\/?page_id=674","url":"https:\/\/micatalogodejoyeria.com\/?page_id=674","name":"Carrito - Mi Cat\u00e1logo de Joyer\u00eda","isPartOf":{"@id":"https:\/\/micatalogodejoyeria.com\/#website"},"datePublished":"2014-07-06T06:08:43+00:00","dateModified":"2014-07-24T22:04:54+00:00","breadcrumb":{"@id":"https:\/\/micatalogodejoyeria.com\/?page_id=674#breadcrumb"},"inLanguage":"es","potentialAction":[{"@type":"ReadAction","target":["https:\/\/micatalogodejoyeria.com\/?page_id=674"]}]},{"@type":"BreadcrumbList","@id":"https:\/\/micatalogodejoyeria.com\/?page_id=674#breadcrumb","itemListElement":[{"@type":"ListItem","position":1,"name":"Portada","item":"https:\/\/micatalogodejoyeria.com\/"},{"@type":"ListItem","position":2,"name":"Carrito"}]},{"@type":"WebSite","@id":"https:\/\/micatalogodejoyeria.com\/#website","url":"https:\/\/micatalogodejoyeria.com\/","name":"Mi Cat\u00e1logo de Joyer\u00eda","description":"Joyas Veos","potentialAction":[{"@type":"SearchAction","target":{"@type":"EntryPoint","urlTemplate":"https:\/\/micatalogodejoyeria.com\/?s={search_term_string}"},"query-input":"required name=search_term_string"}],"inLanguage":"es"}]}},"_links":{"self":[{"href":"https:\/\/micatalogodejoyeria.com\/index.php?rest_route=\/wp\/v2\/pages\/674"}],"collection":[{"href":"https:\/\/micatalogodejoyeria.com\/index.php?rest_route=\/wp\/v2\/pages"}],"about":[{"href":"https:\/\/micatalogodejoyeria.com\/index.php?rest_route=\/wp\/v2\/types\/page"}],"author":[{"embeddable":true,"href":"https:\/\/micatalogodejoyeria.com\/index.php?rest_route=\/wp\/v2\/users\/1"}],"replies":[{"embeddable":true,"href":"https:\/\/micatalogodejoyeria.com\/index.php?rest_route=%2Fwp%2Fv2%2Fcomments&post=674"}],"version-history":[{"count":0,"href":"https:\/\/micatalogodejoyeria.com\/index.php?rest_route=\/wp\/v2\/pages\/674\/revisions"}],"wp:attachment":[{"href":"https:\/\/micatalogodejoyeria.com\/index.php?rest_route=%2Fwp%2Fv2%2Fmedia&parent=674"}],"curies":[{"name":"wp","href":"https:\/\/api.w.org\/{rel}","templated":true}]}}