{"id":22912,"date":"2022-11-17T19:09:07","date_gmt":"2022-11-17T19:09:07","guid":{"rendered":"https:\/\/micatalogodejoyeria.com\/producto\/anillo-horoscopo-sagitario\/"},"modified":"2022-11-24T19:07:43","modified_gmt":"2022-11-24T19:07:43","slug":"anillo-horoscopo-sagitario","status":"publish","type":"product","link":"https:\/\/micatalogodejoyeria.com\/?product=anillo-horoscopo-sagitario","title":{"rendered":"Anillo hor\u00f3scopo-Sagitario"},"content":{"rendered":"<p>Anillo sello hor\u00f3scopo unisex<\/p>\n<p>Medida:7-12 Dimensiones:13mm Peso:4.3g Kilataje:10<\/p>\n","protected":false},"excerpt":{"rendered":"<p>Oro amarillo<\/p>\n","protected":false},"featured_media":21802,"comment_status":"closed","ping_status":"closed","template":"","meta":[],"product_cat":[1301,1310,1311],"product_tag":[],"etheme_brands":{"errors":{"invalid_taxonomy":["Taxonom\u00eda no v\u00e1lida."]},"error_data":[]},"yoast_head":"<!-- This site is optimized with the Yoast SEO plugin v19.11 - https:\/\/yoast.com\/wordpress\/plugins\/seo\/ -->\n<title>Anillo hor\u00f3scopo-Sagitario - Mi Cat\u00e1logo de Joyer\u00eda<\/title>\n<meta name=\"robots\" content=\"index, follow, max-snippet:-1, max-image-preview:large, max-video-preview:-1\" \/>\n<link rel=\"canonical\" href=\"https:\/\/micatalogodejoyeria.com\/?product=anillo-horoscopo-sagitario\" \/>\n<meta property=\"og:locale\" content=\"es_ES\" \/>\n<meta property=\"og:type\" content=\"article\" \/>\n<meta property=\"og:title\" content=\"Anillo hor\u00f3scopo-Sagitario - Mi Cat\u00e1logo de Joyer\u00eda\" \/>\n<meta property=\"og:description\" content=\"Oro amarillo\" \/>\n<meta property=\"og:url\" content=\"https:\/\/micatalogodejoyeria.com\/?product=anillo-horoscopo-sagitario\" \/>\n<meta property=\"og:site_name\" content=\"Mi Cat\u00e1logo de Joyer\u00eda\" \/>\n<meta property=\"article:modified_time\" content=\"2022-11-24T19:07:43+00:00\" \/>\n<meta property=\"og:image\" content=\"https:\/\/micatalogodejoyeria.com\/wp-content\/uploads\/2022\/11\/11600023-12.jpg\" \/>\n\t<meta property=\"og:image:width\" content=\"6000\" \/>\n\t<meta property=\"og:image:height\" content=\"6000\" \/>\n\t<meta property=\"og:image:type\" content=\"image\/jpeg\" \/>\n<meta name=\"twitter:card\" content=\"summary_large_image\" \/>\n<meta name=\"twitter:label1\" content=\"Tiempo de lectura\" \/>\n\t<meta name=\"twitter:data1\" content=\"1 minuto\" \/>\n<script type=\"application\/ld+json\" class=\"yoast-schema-graph\">{\"@context\":\"https:\/\/schema.org\",\"@graph\":[{\"@type\":\"WebPage\",\"@id\":\"https:\/\/micatalogodejoyeria.com\/?product=anillo-horoscopo-sagitario\",\"url\":\"https:\/\/micatalogodejoyeria.com\/?product=anillo-horoscopo-sagitario\",\"name\":\"Anillo hor\u00f3scopo-Sagitario - Mi Cat\u00e1logo de Joyer\u00eda\",\"isPartOf\":{\"@id\":\"https:\/\/micatalogodejoyeria.com\/#website\"},\"datePublished\":\"2022-11-17T19:09:07+00:00\",\"dateModified\":\"2022-11-24T19:07:43+00:00\",\"breadcrumb\":{\"@id\":\"https:\/\/micatalogodejoyeria.com\/?product=anillo-horoscopo-sagitario#breadcrumb\"},\"inLanguage\":\"es\",\"potentialAction\":[{\"@type\":\"ReadAction\",\"target\":[\"https:\/\/micatalogodejoyeria.com\/?product=anillo-horoscopo-sagitario\"]}]},{\"@type\":\"BreadcrumbList\",\"@id\":\"https:\/\/micatalogodejoyeria.com\/?product=anillo-horoscopo-sagitario#breadcrumb\",\"itemListElement\":[{\"@type\":\"ListItem\",\"position\":1,\"name\":\"Portada\",\"item\":\"https:\/\/micatalogodejoyeria.com\/\"},{\"@type\":\"ListItem\",\"position\":2,\"name\":\"Shop\",\"item\":\"https:\/\/micatalogodejoyeria.com\/?page_id=673\"},{\"@type\":\"ListItem\",\"position\":3,\"name\":\"Anillo hor\u00f3scopo-Sagitario\"}]},{\"@type\":\"WebSite\",\"@id\":\"https:\/\/micatalogodejoyeria.com\/#website\",\"url\":\"https:\/\/micatalogodejoyeria.com\/\",\"name\":\"Mi Cat\u00e1logo de Joyer\u00eda\",\"description\":\"Joyas Veos\",\"potentialAction\":[{\"@type\":\"SearchAction\",\"target\":{\"@type\":\"EntryPoint\",\"urlTemplate\":\"https:\/\/micatalogodejoyeria.com\/?s={search_term_string}\"},\"query-input\":\"required name=search_term_string\"}],\"inLanguage\":\"es\"}]}<\/script>\n<!-- \/ Yoast SEO plugin. -->","yoast_head_json":{"title":"Anillo hor\u00f3scopo-Sagitario - Mi Cat\u00e1logo de Joyer\u00eda","robots":{"index":"index","follow":"follow","max-snippet":"max-snippet:-1","max-image-preview":"max-image-preview:large","max-video-preview":"max-video-preview:-1"},"canonical":"https:\/\/micatalogodejoyeria.com\/?product=anillo-horoscopo-sagitario","og_locale":"es_ES","og_type":"article","og_title":"Anillo hor\u00f3scopo-Sagitario - Mi Cat\u00e1logo de Joyer\u00eda","og_description":"Oro amarillo","og_url":"https:\/\/micatalogodejoyeria.com\/?product=anillo-horoscopo-sagitario","og_site_name":"Mi Cat\u00e1logo de Joyer\u00eda","article_modified_time":"2022-11-24T19:07:43+00:00","og_image":[{"width":6000,"height":6000,"url":"https:\/\/micatalogodejoyeria.com\/wp-content\/uploads\/2022\/11\/11600023-12.jpg","type":"image\/jpeg"}],"twitter_card":"summary_large_image","twitter_misc":{"Tiempo de lectura":"1 minuto"},"schema":{"@context":"https:\/\/schema.org","@graph":[{"@type":"WebPage","@id":"https:\/\/micatalogodejoyeria.com\/?product=anillo-horoscopo-sagitario","url":"https:\/\/micatalogodejoyeria.com\/?product=anillo-horoscopo-sagitario","name":"Anillo hor\u00f3scopo-Sagitario - Mi Cat\u00e1logo de Joyer\u00eda","isPartOf":{"@id":"https:\/\/micatalogodejoyeria.com\/#website"},"datePublished":"2022-11-17T19:09:07+00:00","dateModified":"2022-11-24T19:07:43+00:00","breadcrumb":{"@id":"https:\/\/micatalogodejoyeria.com\/?product=anillo-horoscopo-sagitario#breadcrumb"},"inLanguage":"es","potentialAction":[{"@type":"ReadAction","target":["https:\/\/micatalogodejoyeria.com\/?product=anillo-horoscopo-sagitario"]}]},{"@type":"BreadcrumbList","@id":"https:\/\/micatalogodejoyeria.com\/?product=anillo-horoscopo-sagitario#breadcrumb","itemListElement":[{"@type":"ListItem","position":1,"name":"Portada","item":"https:\/\/micatalogodejoyeria.com\/"},{"@type":"ListItem","position":2,"name":"Shop","item":"https:\/\/micatalogodejoyeria.com\/?page_id=673"},{"@type":"ListItem","position":3,"name":"Anillo hor\u00f3scopo-Sagitario"}]},{"@type":"WebSite","@id":"https:\/\/micatalogodejoyeria.com\/#website","url":"https:\/\/micatalogodejoyeria.com\/","name":"Mi Cat\u00e1logo de Joyer\u00eda","description":"Joyas Veos","potentialAction":[{"@type":"SearchAction","target":{"@type":"EntryPoint","urlTemplate":"https:\/\/micatalogodejoyeria.com\/?s={search_term_string}"},"query-input":"required name=search_term_string"}],"inLanguage":"es"}]}},"_links":{"self":[{"href":"https:\/\/micatalogodejoyeria.com\/index.php?rest_route=\/wp\/v2\/product\/22912"}],"collection":[{"href":"https:\/\/micatalogodejoyeria.com\/index.php?rest_route=\/wp\/v2\/product"}],"about":[{"href":"https:\/\/micatalogodejoyeria.com\/index.php?rest_route=\/wp\/v2\/types\/product"}],"replies":[{"embeddable":true,"href":"https:\/\/micatalogodejoyeria.com\/index.php?rest_route=%2Fwp%2Fv2%2Fcomments&post=22912"}],"wp:featuredmedia":[{"embeddable":true,"href":"https:\/\/micatalogodejoyeria.com\/index.php?rest_route=\/wp\/v2\/media\/21802"}],"wp:attachment":[{"href":"https:\/\/micatalogodejoyeria.com\/index.php?rest_route=%2Fwp%2Fv2%2Fmedia&parent=22912"}],"wp:term":[{"taxonomy":"product_cat","embeddable":true,"href":"https:\/\/micatalogodejoyeria.com\/index.php?rest_route=%2Fwp%2Fv2%2Fproduct_cat&post=22912"},{"taxonomy":"product_tag","embeddable":true,"href":"https:\/\/micatalogodejoyeria.com\/index.php?rest_route=%2Fwp%2Fv2%2Fproduct_tag&post=22912"}],"curies":[{"name":"wp","href":"https:\/\/api.w.org\/{rel}","templated":true}]}}